{"id":14649,"date":"2018-07-11T15:31:55","date_gmt":"2018-07-11T13:31:55","guid":{"rendered":"https:\/\/www.mezzoteam.fr\/accueil\/"},"modified":"2025-12-18T11:43:12","modified_gmt":"2025-12-18T10:43:12","slug":"accueil","status":"publish","type":"page","link":"https:\/\/www.mezzoteam.fr\/es\/","title":{"rendered":"Mezzoteam, la plateforme de Construction Project Management ES"},"content":{"rendered":"<p>Optimisez la collaboration BIM, la GED &amp; les processus de votre projet de construction au sein d&#8217;un CDE (Common Data Environment) hautement s\u00e9curis\u00e9, de la phase \u00e9tudes jusqu&#8217;\u00e0 l&#8217;exploitation-maintenance. Depuis 30 ans, nous accompagnons les acteurs de la construction dans leur strat\u00e9gie de digitalisation. Confiance, innovation et expertise font partie de l&#8217;ADN de nos \u00e9quipes ! D\u00e9couvrez comment piloter votre projet de construction efficacement avec Mezzoteam.<\/p>\n<p><a href=\"https:\/\/webikeo.fr\/chaine\/mezzoteam\/\" target=\"_blank\" rel=\"noopener noreferrer\">D\u00e9couvrez nos webinaires sur notre chaine d\u00e9di\u00e9e<\/a><\/p>\n<p><a href=\"https:\/\/www.mezzoteam.fr\/es\/solution\/bim\/\" target=\"_blank\" rel=\"noopener noreferrer\">Acc\u00e9der \u00e0 nos fonctionnalit\u00e9s BIM<\/a><\/p>\n<p>Boostez votre collaboration BIM et GED pour votre projet de construction au sein d&#8217;une plateforme unique :<\/p>\n<ul>\n<li>Piloter votre projet BIM et b\u00e9n\u00e9ficier d&#8217;une tra\u00e7abilit\u00e9 compl\u00e8te<\/li>\n<li>Gagner du temps gr\u00e2ce \u00e0 l&#8217;automatisation des t\u00e2ches<\/li>\n<li>Assurer le respect de la charte du projet : 100% de respect de la convention BIM<\/li>\n<li>Exploiter les donn\u00e9es et la maquette num\u00e9rique intuitivement<\/li>\n<\/ul>\n<p class=\"title--medium color--cblack\"><strong>Rendez votre projet BIM accessible \u00e0 tous :<\/strong><\/p>\n<div class=\"text-elements\">\n<p class=\"text\">Gr\u00e2ce \u00e0 la simplicit\u00e9 d&#8217;utilisation de l&#8217;interface, les acteurs du projet peuvent visualiser et manipuler les maquettes avec les outils BIM, disponibles en standard dans toutes nos <a href=\"https:\/\/www.mezzoteam.fr\/offre-mezzoteam\/\" target=\"_blank\" rel=\"noopener noreferrer\">offres<\/a> Mezzoteam.<\/p>\n<ul class=\"list-puces\">\n<li data-animated=\"desc-sheet-item\"><span class=\"color--blue\">Partagez des maquettes simples ou f\u00e9d\u00e9r\u00e9es<\/span><\/li>\n<li data-animated=\"desc-sheet-item\"><span class=\"color--blue\">Parcourez les objets et leurs propri\u00e9t\u00e9s<\/span><\/li>\n<li data-animated=\"desc-sheet-item\"><span class=\"color--blue\">Utilisez les fonctions de coupe et de mesure<\/span><\/li>\n<li data-animated=\"desc-sheet-item\"><span class=\"color--blue\">Appliquez des th\u00e9matiques m\u00e9tier<\/span><\/li>\n<li data-animated=\"desc-sheet-item\"><span class=\"color--blue\">Naviguez par zones et niveaux<\/span><\/li>\n<\/ul>\n<p class=\"title--medium color--cblack\">Placez les donn\u00e9es BIM au c\u0153ur de votre projet<\/p>\n<div class=\"text-elements\">\n<p class=\"text\">La maquette BIM est un puissant support de partage de donn\u00e9es et de communication du projet.<\/p>\n<ul class=\"list-puces\">\n<li data-animated=\"desc-sheet-item\"><span class=\"color--blue\">Int\u00e9grez les \u00e9quipes du projet dans le processus BIM<\/span><\/li>\n<li data-animated=\"desc-sheet-item\"><span class=\"color--blue\">Am\u00e9liorez l\u2019interaction avec la maquette en cours d\u2019\u00e9laboration<\/span><\/li>\n<li data-animated=\"desc-sheet-item\"><span class=\"color--blue\">Contr\u00f4lez les versions gr\u00e2ce aux circuits de validation<\/span><\/li>\n<li data-animated=\"desc-sheet-item\"><span class=\"color--blue\">Offrez un environnement de travail fluide, quelle que soit la taille de la maquette<\/span><\/li>\n<\/ul>\n<\/div>\n<\/div>\n","protected":false},"excerpt":{"rendered":"<p>Optimisez la collaboration BIM, la GED &amp; les processus de votre projet de construction au sein d&#8217;un CDE (Common Data Environment) hautement s\u00e9curis\u00e9, de la phase \u00e9tudes jusqu&#8217;\u00e0 l&#8217;exploitation-maintenance. Depuis 30 ans, nous accompagnons les acteurs de la construction dans leur strat\u00e9gie de digitalisation. Confiance, innovation et expertise font partie de l&#8217;ADN de nos \u00e9quipes [&hellip;]<\/p>\n","protected":false},"author":1,"featured_media":13660,"parent":0,"menu_order":0,"comment_status":"closed","ping_status":"closed","template":"front-page.php","meta":{"footnotes":""},"class_list":["post-14649","page","type-page","status-publish","has-post-thumbnail","hentry"],"acf":[],"yoast_head":"<!-- This site is optimized with the Yoast SEO plugin v24.9 - https:\/\/yoast.com\/wordpress\/plugins\/seo\/ -->\n<title>CDE BIM GED pour vos projets de construction - Mezzoteam<\/title>\n<meta name=\"description\" content=\"CDE : Optimisez la collaboration BIM, la GED &amp; les processus de votre projet de construction au sein d&#039;une plateforme hautement s\u00e9curis\u00e9e.\" \/>\n<meta name=\"robots\" content=\"index, follow, max-snippet:-1, max-image-preview:large, max-video-preview:-1\" \/>\n<link rel=\"canonical\" href=\"https:\/\/www.mezzoteam.fr\/es\/\" \/>\n<meta property=\"og:locale\" content=\"es_ES\" \/>\n<meta property=\"og:type\" content=\"article\" \/>\n<meta property=\"og:title\" content=\"CDE BIM GED pour vos projets de construction - Mezzoteam\" \/>\n<meta property=\"og:description\" content=\"CDE : Optimisez la collaboration BIM, la GED &amp; les processus de votre projet de construction au sein d&#039;une plateforme hautement s\u00e9curis\u00e9e.\" \/>\n<meta property=\"og:url\" content=\"https:\/\/www.mezzoteam.fr\/es\/\" \/>\n<meta property=\"og:site_name\" content=\"Mezzoteam\" \/>\n<meta property=\"article:modified_time\" content=\"2025-12-18T10:43:12+00:00\" \/>\n<meta property=\"og:image\" content=\"https:\/\/www.mezzoteam.fr\/app\/uploads\/2020\/01\/Prosys_BIM-influencers-2019.jpg\" \/>\n\t<meta property=\"og:image:width\" content=\"893\" \/>\n\t<meta property=\"og:image:height\" content=\"703\" \/>\n\t<meta property=\"og:image:type\" content=\"image\/jpeg\" \/>\n<meta name=\"twitter:card\" content=\"summary_large_image\" \/>\n<meta name=\"twitter:label1\" content=\"Tiempo de lectura\" \/>\n\t<meta name=\"twitter:data1\" content=\"2 minutos\" \/>\n<script type=\"application\/ld+json\" class=\"yoast-schema-graph\">{\"@context\":\"https:\/\/schema.org\",\"@graph\":[{\"@type\":\"WebPage\",\"@id\":\"https:\/\/www.mezzoteam.fr\/es\/\",\"url\":\"https:\/\/www.mezzoteam.fr\/es\/\",\"name\":\"CDE BIM GED pour vos projets de construction - Mezzoteam\",\"isPartOf\":{\"@id\":\"https:\/\/www.mezzoteam.fr\/#website\"},\"primaryImageOfPage\":{\"@id\":\"https:\/\/www.mezzoteam.fr\/es\/#primaryimage\"},\"image\":{\"@id\":\"https:\/\/www.mezzoteam.fr\/es\/#primaryimage\"},\"thumbnailUrl\":\"https:\/\/www.mezzoteam.fr\/app\/uploads\/2020\/01\/Prosys_BIM-influencers-2019.jpg\",\"datePublished\":\"2018-07-11T13:31:55+00:00\",\"dateModified\":\"2025-12-18T10:43:12+00:00\",\"description\":\"CDE : Optimisez la collaboration BIM, la GED & les processus de votre projet de construction au sein d'une plateforme hautement s\u00e9curis\u00e9e.\",\"breadcrumb\":{\"@id\":\"https:\/\/www.mezzoteam.fr\/es\/#breadcrumb\"},\"inLanguage\":\"es\",\"potentialAction\":[{\"@type\":\"ReadAction\",\"target\":[\"https:\/\/www.mezzoteam.fr\/es\/\"]}]},{\"@type\":\"ImageObject\",\"inLanguage\":\"es\",\"@id\":\"https:\/\/www.mezzoteam.fr\/es\/#primaryimage\",\"url\":\"https:\/\/www.mezzoteam.fr\/app\/uploads\/2020\/01\/Prosys_BIM-influencers-2019.jpg\",\"contentUrl\":\"https:\/\/www.mezzoteam.fr\/app\/uploads\/2020\/01\/Prosys_BIM-influencers-2019.jpg\",\"width\":893,\"height\":703},{\"@type\":\"BreadcrumbList\",\"@id\":\"https:\/\/www.mezzoteam.fr\/es\/#breadcrumb\",\"itemListElement\":[{\"@type\":\"ListItem\",\"position\":1,\"name\":\"Inicio\",\"item\":\"https:\/\/www.mezzoteam.fr\/es\/\"},{\"@type\":\"ListItem\",\"position\":2,\"name\":\"Mezzoteam, la plateforme de Construction Project Management ES\"}]},{\"@type\":\"WebSite\",\"@id\":\"https:\/\/www.mezzoteam.fr\/#website\",\"url\":\"https:\/\/www.mezzoteam.fr\/\",\"name\":\"Mezzoteam\",\"description\":\"\",\"potentialAction\":[{\"@type\":\"SearchAction\",\"target\":{\"@type\":\"EntryPoint\",\"urlTemplate\":\"https:\/\/www.mezzoteam.fr\/?s={search_term_string}\"},\"query-input\":{\"@type\":\"PropertyValueSpecification\",\"valueRequired\":true,\"valueName\":\"search_term_string\"}}],\"inLanguage\":\"es\"}]}<\/script>\n<!-- \/ Yoast SEO plugin. -->","yoast_head_json":{"title":"CDE BIM GED pour vos projets de construction - Mezzoteam","description":"CDE : Optimisez la collaboration BIM, la GED & les processus de votre projet de construction au sein d'une plateforme hautement s\u00e9curis\u00e9e.","robots":{"index":"index","follow":"follow","max-snippet":"max-snippet:-1","max-image-preview":"max-image-preview:large","max-video-preview":"max-video-preview:-1"},"canonical":"https:\/\/www.mezzoteam.fr\/es\/","og_locale":"es_ES","og_type":"article","og_title":"CDE BIM GED pour vos projets de construction - Mezzoteam","og_description":"CDE : Optimisez la collaboration BIM, la GED & les processus de votre projet de construction au sein d'une plateforme hautement s\u00e9curis\u00e9e.","og_url":"https:\/\/www.mezzoteam.fr\/es\/","og_site_name":"Mezzoteam","article_modified_time":"2025-12-18T10:43:12+00:00","og_image":[{"width":893,"height":703,"url":"https:\/\/www.mezzoteam.fr\/app\/uploads\/2020\/01\/Prosys_BIM-influencers-2019.jpg","type":"image\/jpeg"}],"twitter_card":"summary_large_image","twitter_misc":{"Tiempo de lectura":"2 minutos"},"schema":{"@context":"https:\/\/schema.org","@graph":[{"@type":"WebPage","@id":"https:\/\/www.mezzoteam.fr\/es\/","url":"https:\/\/www.mezzoteam.fr\/es\/","name":"CDE BIM GED pour vos projets de construction - Mezzoteam","isPartOf":{"@id":"https:\/\/www.mezzoteam.fr\/#website"},"primaryImageOfPage":{"@id":"https:\/\/www.mezzoteam.fr\/es\/#primaryimage"},"image":{"@id":"https:\/\/www.mezzoteam.fr\/es\/#primaryimage"},"thumbnailUrl":"https:\/\/www.mezzoteam.fr\/app\/uploads\/2020\/01\/Prosys_BIM-influencers-2019.jpg","datePublished":"2018-07-11T13:31:55+00:00","dateModified":"2025-12-18T10:43:12+00:00","description":"CDE : Optimisez la collaboration BIM, la GED & les processus de votre projet de construction au sein d'une plateforme hautement s\u00e9curis\u00e9e.","breadcrumb":{"@id":"https:\/\/www.mezzoteam.fr\/es\/#breadcrumb"},"inLanguage":"es","potentialAction":[{"@type":"ReadAction","target":["https:\/\/www.mezzoteam.fr\/es\/"]}]},{"@type":"ImageObject","inLanguage":"es","@id":"https:\/\/www.mezzoteam.fr\/es\/#primaryimage","url":"https:\/\/www.mezzoteam.fr\/app\/uploads\/2020\/01\/Prosys_BIM-influencers-2019.jpg","contentUrl":"https:\/\/www.mezzoteam.fr\/app\/uploads\/2020\/01\/Prosys_BIM-influencers-2019.jpg","width":893,"height":703},{"@type":"BreadcrumbList","@id":"https:\/\/www.mezzoteam.fr\/es\/#breadcrumb","itemListElement":[{"@type":"ListItem","position":1,"name":"Inicio","item":"https:\/\/www.mezzoteam.fr\/es\/"},{"@type":"ListItem","position":2,"name":"Mezzoteam, la plateforme de Construction Project Management ES"}]},{"@type":"WebSite","@id":"https:\/\/www.mezzoteam.fr\/#website","url":"https:\/\/www.mezzoteam.fr\/","name":"Mezzoteam","description":"","potentialAction":[{"@type":"SearchAction","target":{"@type":"EntryPoint","urlTemplate":"https:\/\/www.mezzoteam.fr\/?s={search_term_string}"},"query-input":{"@type":"PropertyValueSpecification","valueRequired":true,"valueName":"search_term_string"}}],"inLanguage":"es"}]}},"_links":{"self":[{"href":"https:\/\/www.mezzoteam.fr\/es\/wp-json\/wp\/v2\/pages\/14649"}],"collection":[{"href":"https:\/\/www.mezzoteam.fr\/es\/wp-json\/wp\/v2\/pages"}],"about":[{"href":"https:\/\/www.mezzoteam.fr\/es\/wp-json\/wp\/v2\/types\/page"}],"author":[{"embeddable":true,"href":"https:\/\/www.mezzoteam.fr\/es\/wp-json\/wp\/v2\/users\/1"}],"replies":[{"embeddable":true,"href":"https:\/\/www.mezzoteam.fr\/es\/wp-json\/wp\/v2\/comments?post=14649"}],"version-history":[{"count":23,"href":"https:\/\/www.mezzoteam.fr\/es\/wp-json\/wp\/v2\/pages\/14649\/revisions"}],"predecessor-version":[{"id":16234,"href":"https:\/\/www.mezzoteam.fr\/es\/wp-json\/wp\/v2\/pages\/14649\/revisions\/16234"}],"wp:featuredmedia":[{"embeddable":true,"href":"https:\/\/www.mezzoteam.fr\/es\/wp-json\/wp\/v2\/media\/13660"}],"wp:attachment":[{"href":"https:\/\/www.mezzoteam.fr\/es\/wp-json\/wp\/v2\/media?parent=14649"}],"curies":[{"name":"wp","href":"https:\/\/api.w.org\/{rel}","templated":true}]}}