{"id":14671,"date":"2024-05-23T14:21:46","date_gmt":"2024-05-23T12:21:46","guid":{"rendered":"https:\/\/www.mezzoteam.fr\/notre-plateforme-de-construction-project-management\/"},"modified":"2025-04-08T11:49:27","modified_gmt":"2025-04-08T09:49:27","slug":"nuestra-plataforma-de-gestion-proyestos-de-construccion","status":"publish","type":"page","link":"https:\/\/www.mezzoteam.fr\/es\/nuestra-plataforma-de-gestion-proyestos-de-construccion\/","title":{"rendered":"Nuestra plataforma de Gesti\u00f3n de Proyectos de Construcci\u00f3n"},"content":{"rendered":"<script type=\"text\/javascript\">\n\/* <![CDATA[ *\/\nvar gform;gform||(document.addEventListener(\"gform_main_scripts_loaded\",function(){gform.scriptsLoaded=!0}),document.addEventListener(\"gform\/theme\/scripts_loaded\",function(){gform.themeScriptsLoaded=!0}),window.addEventListener(\"DOMContentLoaded\",function(){gform.domLoaded=!0}),gform={domLoaded:!1,scriptsLoaded:!1,themeScriptsLoaded:!1,isFormEditor:()=>\"function\"==typeof InitializeEditor,callIfLoaded:function(o){return!(!gform.domLoaded||!gform.scriptsLoaded||!gform.themeScriptsLoaded&&!gform.isFormEditor()||(gform.isFormEditor()&&console.warn(\"The use of gform.initializeOnLoaded() is deprecated in the form editor context and will be removed in Gravity Forms 3.1.\"),o(),0))},initializeOnLoaded:function(o){gform.callIfLoaded(o)||(document.addEventListener(\"gform_main_scripts_loaded\",()=>{gform.scriptsLoaded=!0,gform.callIfLoaded(o)}),document.addEventListener(\"gform\/theme\/scripts_loaded\",()=>{gform.themeScriptsLoaded=!0,gform.callIfLoaded(o)}),window.addEventListener(\"DOMContentLoaded\",()=>{gform.domLoaded=!0,gform.callIfLoaded(o)}))},hooks:{action:{},filter:{}},addAction:function(o,r,e,t){gform.addHook(\"action\",o,r,e,t)},addFilter:function(o,r,e,t){gform.addHook(\"filter\",o,r,e,t)},doAction:function(o){gform.doHook(\"action\",o,arguments)},applyFilters:function(o){return gform.doHook(\"filter\",o,arguments)},removeAction:function(o,r){gform.removeHook(\"action\",o,r)},removeFilter:function(o,r,e){gform.removeHook(\"filter\",o,r,e)},addHook:function(o,r,e,t,n){null==gform.hooks[o][r]&&(gform.hooks[o][r]=[]);var d=gform.hooks[o][r];null==n&&(n=r+\"_\"+d.length),gform.hooks[o][r].push({tag:n,callable:e,priority:t=null==t?10:t})},doHook:function(r,o,e){var t;if(e=Array.prototype.slice.call(e,1),null!=gform.hooks[r][o]&&((o=gform.hooks[r][o]).sort(function(o,r){return o.priority-r.priority}),o.forEach(function(o){\"function\"!=typeof(t=o.callable)&&(t=window[t]),\"action\"==r?t.apply(null,e):e[0]=t.apply(null,e)})),\"filter\"==r)return e[0]},removeHook:function(o,r,t,n){var e;null!=gform.hooks[o][r]&&(e=(e=gform.hooks[o][r]).filter(function(o,r,e){return!!(null!=n&&n!=o.tag||null!=t&&t!=o.priority)}),gform.hooks[o][r]=e)}});\n\/* ]]> *\/\n<\/script>\n\n                <div class='gf_browser_gecko gform_wrapper gform_legacy_markup_wrapper gform-theme--no-framework' data-form-theme='legacy' data-form-index='0' id='gform_wrapper_105' ><div id='gf_105' class='gform_anchor' tabindex='-1'><\/div>\n                        <div class='gform_heading'>\n                            <p class='gform_description'><\/p>\n                        <\/div><form method='post' enctype='multipart\/form-data'  id='gform_105'  action='\/es\/wp-json\/wp\/v2\/pages\/14671#gf_105' data-formid='105' novalidate><div class='gf_invisible ginput_recaptchav3' data-sitekey='6LdQXgclAAAAAHEFV0BERYXT4fcnPFqvNku4dtRD' data-tabindex='0'><input id=\"input_0c9fd61902d5bed7cc35b821f8a441d6\" class=\"gfield_recaptcha_response\" type=\"hidden\" name=\"input_0c9fd61902d5bed7cc35b821f8a441d6\" value=\"\"\/><\/div>\n                        <div class='gform-body gform_body'><ul id='gform_fields_105' class='gform_fields top_label form_sublabel_below description_below validation_below'><li id=\"field_105_12\" class=\"gfield gfield--type-text gfield_contains_required field_sublabel_below gfield--no-description field_description_below field_validation_below gfield_visibility_visible\"  ><label class='gfield_label gform-field-label' for='input_105_12'>Nombre<span class=\"gfield_required\"><span class=\"gfield_required gfield_required_asterisk\">*<\/span><\/span><\/label><div class='ginput_container ginput_container_text'><input name='input_12' id='input_105_12' type='text' value='' class='medium'    placeholder='Nombre*' aria-required=\"true\" aria-invalid=\"false\"   \/><\/div><\/li><li id=\"field_105_14\" class=\"gfield gfield--type-text gfield_contains_required field_sublabel_below gfield--no-description field_description_below field_validation_below gfield_visibility_visible\"  ><label class='gfield_label gform-field-label' for='input_105_14'>Apellido<span class=\"gfield_required\"><span class=\"gfield_required gfield_required_asterisk\">*<\/span><\/span><\/label><div class='ginput_container ginput_container_text'><input name='input_14' id='input_105_14' type='text' value='' class='medium'    placeholder='Apellido*' aria-required=\"true\" aria-invalid=\"false\"   \/><\/div><\/li><li id=\"field_105_15\" class=\"gfield gfield--type-text gfield_contains_required field_sublabel_below gfield--no-description field_description_below field_validation_below gfield_visibility_visible\"  ><label class='gfield_label gform-field-label' for='input_105_15'>Empresa<span class=\"gfield_required\"><span class=\"gfield_required gfield_required_asterisk\">*<\/span><\/span><\/label><div class='ginput_container ginput_container_text'><input name='input_15' id='input_105_15' type='text' value='' class='medium'    placeholder='Empresa*' aria-required=\"true\" aria-invalid=\"false\"   \/><\/div><\/li><li id=\"field_105_6\" class=\"gfield gfield--type-email gfield_contains_required field_sublabel_below gfield--no-description field_description_below field_validation_below gfield_visibility_visible\"  ><label class='gfield_label gform-field-label' for='input_105_6'>Correo electr\u00f3nico<span class=\"gfield_required\"><span class=\"gfield_required gfield_required_asterisk\">*<\/span><\/span><\/label><div class='ginput_container ginput_container_email'>\n                            <input name='input_6' id='input_105_6' type='email' value='' class='medium'   placeholder='Correo electr\u00f3nico*' aria-required=\"true\" aria-invalid=\"false\"  \/>\n                        <\/div><\/li><li id=\"field_105_19\" class=\"gfield gfield--type-text gfield--width-full gfield_contains_required field_sublabel_below gfield--no-description field_description_below field_validation_below gfield_visibility_visible\"  ><label class='gfield_label gform-field-label' for='input_105_19'>Tel\u00e9fono<span class=\"gfield_required\"><span class=\"gfield_required gfield_required_asterisk\">*<\/span><\/span><\/label><div class='ginput_container ginput_container_text'><input name='input_19' id='input_105_19' type='text' value='' class='medium'    placeholder='Tel\u00e9fono*' aria-required=\"true\" aria-invalid=\"false\"   \/><\/div><\/li><li id=\"field_105_10\" class=\"gfield gfield--type-checkbox gfield--type-choice text color--textg ml-label gfield_contains_required field_sublabel_below gfield--no-description field_description_below field_validation_below gfield_visibility_visible\"  ><label class='gfield_label gform-field-label screen-reader-text gfield_label_before_complex' ><span class=\"gfield_required\"><span class=\"gfield_required gfield_required_asterisk\">*<\/span><\/span><\/label><div class='ginput_container ginput_container_checkbox'><ul class='gfield_checkbox' id='input_105_10'><li class='gchoice gchoice_105_10_1'>\n\t\t\t\t\t\t\t\t<input class='gfield-choice-input' name='input_10.1' type='checkbox'  value='Los datos personales recogidos anteriormente son tratados por Mezzoteam - Cr\u00e9teil - 344 894 985. Son necesarios para procesar su mensaje o enviarle cualquier comunicaci\u00f3n relacionada con nuestros eventos y se registran en nuestros archivos. &lt;br&gt;Para ejercer sus derechos, oponerse o saber m\u00e1s: &lt;a href=&quot;https:\/\/www.infopro-digital.com\/data-protection\/&quot; target=&quot;_blank&quot;&gt;Carta de datos personales&lt;\/a&gt;'  id='choice_105_10_1'   \/>\n\t\t\t\t\t\t\t\t<label for='choice_105_10_1' id='label_105_10_1' class='gform-field-label gform-field-label--type-inline'>Los datos personales recogidos anteriormente son tratados por Mezzoteam - Cr\u00e9teil - 344 894 985. Son necesarios para procesar su mensaje o enviarle cualquier comunicaci\u00f3n relacionada con nuestros eventos y se registran en nuestros archivos. <br>Para ejercer sus derechos, oponerse o saber m\u00e1s: <a href=\"https:\/\/www.infopro-digital.com\/data-protection\/\" target=\"_blank\">Carta de datos personales<\/a><\/label>\n\t\t\t\t\t\t\t<\/li><\/ul><\/div><\/li><li id=\"field_105_20\" class=\"gfield gfield--type-frcaptcha gfield--width-full field_sublabel_below gfield--no-description field_description_below field_validation_below gfield_visibility_visible\"  ><label class='gfield_label gform-field-label screen-reader-text' for='input_105_20'><\/label><div class='ginput_container ginput_container_frcaptcha'><div class=\"frc-captcha \" data-sitekey=\"FCMNOAQKR5MVPAJV\" data-lang=\"es\" ><\/div>\n\t\t<noscript>You need to enable Javascript for the anti-spam check.<\/noscript><\/div><\/li><\/ul><\/div>\n        <div class='gform-footer gform_footer top_label'> <input type='submit' id='gform_submit_button_105' class='gform_button button' onclick='gform.submission.handleButtonClick(this);' data-submission-type='submit' value='Enviar'  \/> \n            <input type='hidden' class='gform_hidden' name='gform_submission_method' data-js='gform_submission_method_105' value='postback' \/>\n            <input type='hidden' class='gform_hidden' name='gform_theme' data-js='gform_theme_105' id='gform_theme_105' value='legacy' \/>\n            <input type='hidden' class='gform_hidden' name='gform_style_settings' data-js='gform_style_settings_105' id='gform_style_settings_105' value='[]' \/>\n            <input type='hidden' class='gform_hidden' name='is_submit_105' value='1' \/>\n            <input type='hidden' class='gform_hidden' name='gform_submit' value='105' \/>\n            \n            <input type='hidden' class='gform_hidden' name='gform_unique_id' value='' \/>\n            <input type='hidden' class='gform_hidden' name='state_105' value='WyJbXSIsImIwZDk5YjE5YjliNjQ4N2U4NzQ1M2M4Y2JhY2JlMDlmIl0=' \/>\n            <input type='hidden' autocomplete='off' class='gform_hidden' name='gform_target_page_number_105' id='gform_target_page_number_105' value='0' \/>\n            <input type='hidden' autocomplete='off' class='gform_hidden' name='gform_source_page_number_105' id='gform_source_page_number_105' value='1' \/>\n            <input type='hidden' name='gform_field_values' value='' \/>\n            \n        <\/div>\n                        <\/form>\n                        <\/div><script type=\"text\/javascript\">\n\/* <![CDATA[ *\/\n gform.initializeOnLoaded( function() {gformInitSpinner( 105, 'https:\/\/www.mezzoteam.fr\/app\/plugins\/gravityforms\/images\/spinner.svg', true );jQuery('#gform_ajax_frame_105').on('load',function(){var contents = jQuery(this).contents().find('*').html();var is_postback = contents.indexOf('GF_AJAX_POSTBACK') >= 0;if(!is_postback){return;}var form_content = jQuery(this).contents().find('#gform_wrapper_105');var is_confirmation = jQuery(this).contents().find('#gform_confirmation_wrapper_105').length > 0;var is_redirect = contents.indexOf('gformRedirect(){') >= 0;var is_form = form_content.length > 0 && ! is_redirect && ! is_confirmation;var mt = parseInt(jQuery('html').css('margin-top'), 10) + parseInt(jQuery('body').css('margin-top'), 10) + 100;if(is_form){jQuery('#gform_wrapper_105').html(form_content.html());if(form_content.hasClass('gform_validation_error')){jQuery('#gform_wrapper_105').addClass('gform_validation_error');} else {jQuery('#gform_wrapper_105').removeClass('gform_validation_error');}setTimeout( function() { \/* delay the scroll by 50 milliseconds to fix a bug in chrome *\/ jQuery(document).scrollTop(jQuery('#gform_wrapper_105').offset().top - mt); }, 50 );if(window['gformInitDatepicker']) {gformInitDatepicker();}if(window['gformInitPriceFields']) {gformInitPriceFields();}var current_page = jQuery('#gform_source_page_number_105').val();gformInitSpinner( 105, 'https:\/\/www.mezzoteam.fr\/app\/plugins\/gravityforms\/images\/spinner.svg', true );jQuery(document).trigger('gform_page_loaded', [105, current_page]);window['gf_submitting_105'] = false;}else if(!is_redirect){var confirmation_content = jQuery(this).contents().find('.GF_AJAX_POSTBACK').html();if(!confirmation_content){confirmation_content = contents;}jQuery('#gform_wrapper_105').replaceWith(confirmation_content);jQuery(document).scrollTop(jQuery('#gf_105').offset().top - mt);jQuery(document).trigger('gform_confirmation_loaded', [105]);window['gf_submitting_105'] = false;wp.a11y.speak(jQuery('#gform_confirmation_message_105').text());}else{jQuery('#gform_105').append(contents);if(window['gformRedirect']) {gformRedirect();}}jQuery(document).trigger(\"gform_pre_post_render\", [{ formId: \"105\", currentPage: \"current_page\", abort: function() { this.preventDefault(); } }]);        if (event && event.defaultPrevented) {                return;        }        const gformWrapperDiv = document.getElementById( \"gform_wrapper_105\" );        if ( gformWrapperDiv ) {            const visibilitySpan = document.createElement( \"span\" );            visibilitySpan.id = \"gform_visibility_test_105\";            gformWrapperDiv.insertAdjacentElement( \"afterend\", visibilitySpan );        }        const visibilityTestDiv = document.getElementById( \"gform_visibility_test_105\" );        let postRenderFired = false;        function triggerPostRender() {            if ( postRenderFired ) {                return;            }            postRenderFired = true;            gform.core.triggerPostRenderEvents( 105, current_page );            if ( visibilityTestDiv ) {                visibilityTestDiv.parentNode.removeChild( visibilityTestDiv );            }        }        function debounce( func, wait, immediate ) {            var timeout;            return function() {                var context = this, args = arguments;                var later = function() {                    timeout = null;                    if ( !immediate ) func.apply( context, args );                };                var callNow = immediate && !timeout;                clearTimeout( timeout );                timeout = setTimeout( later, wait );                if ( callNow ) func.apply( context, args );            };        }        const debouncedTriggerPostRender = debounce( function() {            triggerPostRender();        }, 200 );        if ( visibilityTestDiv && visibilityTestDiv.offsetParent === null ) {            const observer = new MutationObserver( ( mutations ) => {                mutations.forEach( ( mutation ) => {                    if ( mutation.type === 'attributes' && visibilityTestDiv.offsetParent !== null ) {                        debouncedTriggerPostRender();                        observer.disconnect();                    }                });            });            observer.observe( document.body, {                attributes: true,                childList: false,                subtree: true,                attributeFilter: [ 'style', 'class' ],            });        } else {            triggerPostRender();        }    } );} ); \n\/* ]]> *\/\n<\/script>\n\n","protected":false},"excerpt":{"rendered":"","protected":false},"author":3,"featured_media":14488,"parent":0,"menu_order":0,"comment_status":"closed","ping_status":"closed","template":"page-white-book.php","meta":{"footnotes":""},"class_list":["post-14671","page","type-page","status-publish","has-post-thumbnail","hentry"],"acf":[],"yoast_head":"<!-- This site is optimized with the Yoast SEO plugin v24.9 - https:\/\/yoast.com\/wordpress\/plugins\/seo\/ -->\n<title>Nuestra plataforma de Gesti\u00f3n de Proyectos de Construcci\u00f3n<\/title>\n<meta name=\"description\" content=\"Descubra nuestra completa plataforma de gesti\u00f3n de proyectos de construcci\u00f3n para sus proyectos de construcci\u00f3n.\" \/>\n<meta name=\"robots\" content=\"index, follow, max-snippet:-1, max-image-preview:large, max-video-preview:-1\" \/>\n<link rel=\"canonical\" href=\"https:\/\/www.mezzoteam.fr\/es\/nuestra-plataforma-de-gestion-proyestos-de-construccion\/\" \/>\n<meta property=\"og:locale\" content=\"es_ES\" \/>\n<meta property=\"og:type\" content=\"article\" \/>\n<meta property=\"og:title\" content=\"Nuestra plataforma de Gesti\u00f3n de Proyectos de Construcci\u00f3n\" \/>\n<meta property=\"og:description\" content=\"Descubra nuestra completa plataforma de gesti\u00f3n de proyectos de construcci\u00f3n para sus proyectos de construcci\u00f3n.\" \/>\n<meta property=\"og:url\" content=\"https:\/\/www.mezzoteam.fr\/es\/nuestra-plataforma-de-gestion-proyestos-de-construccion\/\" \/>\n<meta property=\"og:site_name\" content=\"Mezzoteam\" \/>\n<meta property=\"article:modified_time\" content=\"2025-04-08T09:49:27+00:00\" \/>\n<meta property=\"og:image\" content=\"https:\/\/www.mezzoteam.fr\/app\/uploads\/2024\/02\/SITEWEB_actu2.jpg\" \/>\n\t<meta property=\"og:image:width\" content=\"1262\" \/>\n\t<meta property=\"og:image:height\" content=\"450\" \/>\n\t<meta property=\"og:image:type\" content=\"image\/jpeg\" \/>\n<meta name=\"twitter:card\" content=\"summary_large_image\" \/>\n<meta name=\"twitter:label1\" content=\"Tiempo de lectura\" \/>\n\t<meta name=\"twitter:data1\" content=\"1 minuto\" \/>\n<script type=\"application\/ld+json\" class=\"yoast-schema-graph\">{\"@context\":\"https:\/\/schema.org\",\"@graph\":[{\"@type\":\"WebPage\",\"@id\":\"https:\/\/www.mezzoteam.fr\/es\/nuestra-plataforma-de-gestion-proyestos-de-construccion\/\",\"url\":\"https:\/\/www.mezzoteam.fr\/es\/nuestra-plataforma-de-gestion-proyestos-de-construccion\/\",\"name\":\"Nuestra plataforma de Gesti\u00f3n de Proyectos de Construcci\u00f3n\",\"isPartOf\":{\"@id\":\"https:\/\/www.mezzoteam.fr\/#website\"},\"primaryImageOfPage\":{\"@id\":\"https:\/\/www.mezzoteam.fr\/es\/nuestra-plataforma-de-gestion-proyestos-de-construccion\/#primaryimage\"},\"image\":{\"@id\":\"https:\/\/www.mezzoteam.fr\/es\/nuestra-plataforma-de-gestion-proyestos-de-construccion\/#primaryimage\"},\"thumbnailUrl\":\"https:\/\/www.mezzoteam.fr\/app\/uploads\/2024\/02\/SITEWEB_actu2.jpg\",\"datePublished\":\"2024-05-23T12:21:46+00:00\",\"dateModified\":\"2025-04-08T09:49:27+00:00\",\"description\":\"Descubra nuestra completa plataforma de gesti\u00f3n de proyectos de construcci\u00f3n para sus proyectos de construcci\u00f3n.\",\"breadcrumb\":{\"@id\":\"https:\/\/www.mezzoteam.fr\/es\/nuestra-plataforma-de-gestion-proyestos-de-construccion\/#breadcrumb\"},\"inLanguage\":\"es\",\"potentialAction\":[{\"@type\":\"ReadAction\",\"target\":[\"https:\/\/www.mezzoteam.fr\/es\/nuestra-plataforma-de-gestion-proyestos-de-construccion\/\"]}]},{\"@type\":\"ImageObject\",\"inLanguage\":\"es\",\"@id\":\"https:\/\/www.mezzoteam.fr\/es\/nuestra-plataforma-de-gestion-proyestos-de-construccion\/#primaryimage\",\"url\":\"https:\/\/www.mezzoteam.fr\/app\/uploads\/2024\/02\/SITEWEB_actu2.jpg\",\"contentUrl\":\"https:\/\/www.mezzoteam.fr\/app\/uploads\/2024\/02\/SITEWEB_actu2.jpg\",\"width\":1262,\"height\":450},{\"@type\":\"BreadcrumbList\",\"@id\":\"https:\/\/www.mezzoteam.fr\/es\/nuestra-plataforma-de-gestion-proyestos-de-construccion\/#breadcrumb\",\"itemListElement\":[{\"@type\":\"ListItem\",\"position\":1,\"name\":\"Inicio\",\"item\":\"https:\/\/www.mezzoteam.fr\/es\/\"},{\"@type\":\"ListItem\",\"position\":2,\"name\":\"Nuestra plataforma de Gesti\u00f3n de Proyectos de Construcci\u00f3n\"}]},{\"@type\":\"WebSite\",\"@id\":\"https:\/\/www.mezzoteam.fr\/#website\",\"url\":\"https:\/\/www.mezzoteam.fr\/\",\"name\":\"Mezzoteam\",\"description\":\"\",\"potentialAction\":[{\"@type\":\"SearchAction\",\"target\":{\"@type\":\"EntryPoint\",\"urlTemplate\":\"https:\/\/www.mezzoteam.fr\/?s={search_term_string}\"},\"query-input\":{\"@type\":\"PropertyValueSpecification\",\"valueRequired\":true,\"valueName\":\"search_term_string\"}}],\"inLanguage\":\"es\"}]}<\/script>\n<!-- \/ Yoast SEO plugin. -->","yoast_head_json":{"title":"Nuestra plataforma de Gesti\u00f3n de Proyectos de Construcci\u00f3n","description":"Descubra nuestra completa plataforma de gesti\u00f3n de proyectos de construcci\u00f3n para sus proyectos de construcci\u00f3n.","robots":{"index":"index","follow":"follow","max-snippet":"max-snippet:-1","max-image-preview":"max-image-preview:large","max-video-preview":"max-video-preview:-1"},"canonical":"https:\/\/www.mezzoteam.fr\/es\/nuestra-plataforma-de-gestion-proyestos-de-construccion\/","og_locale":"es_ES","og_type":"article","og_title":"Nuestra plataforma de Gesti\u00f3n de Proyectos de Construcci\u00f3n","og_description":"Descubra nuestra completa plataforma de gesti\u00f3n de proyectos de construcci\u00f3n para sus proyectos de construcci\u00f3n.","og_url":"https:\/\/www.mezzoteam.fr\/es\/nuestra-plataforma-de-gestion-proyestos-de-construccion\/","og_site_name":"Mezzoteam","article_modified_time":"2025-04-08T09:49:27+00:00","og_image":[{"width":1262,"height":450,"url":"https:\/\/www.mezzoteam.fr\/app\/uploads\/2024\/02\/SITEWEB_actu2.jpg","type":"image\/jpeg"}],"twitter_card":"summary_large_image","twitter_misc":{"Tiempo de lectura":"1 minuto"},"schema":{"@context":"https:\/\/schema.org","@graph":[{"@type":"WebPage","@id":"https:\/\/www.mezzoteam.fr\/es\/nuestra-plataforma-de-gestion-proyestos-de-construccion\/","url":"https:\/\/www.mezzoteam.fr\/es\/nuestra-plataforma-de-gestion-proyestos-de-construccion\/","name":"Nuestra plataforma de Gesti\u00f3n de Proyectos de Construcci\u00f3n","isPartOf":{"@id":"https:\/\/www.mezzoteam.fr\/#website"},"primaryImageOfPage":{"@id":"https:\/\/www.mezzoteam.fr\/es\/nuestra-plataforma-de-gestion-proyestos-de-construccion\/#primaryimage"},"image":{"@id":"https:\/\/www.mezzoteam.fr\/es\/nuestra-plataforma-de-gestion-proyestos-de-construccion\/#primaryimage"},"thumbnailUrl":"https:\/\/www.mezzoteam.fr\/app\/uploads\/2024\/02\/SITEWEB_actu2.jpg","datePublished":"2024-05-23T12:21:46+00:00","dateModified":"2025-04-08T09:49:27+00:00","description":"Descubra nuestra completa plataforma de gesti\u00f3n de proyectos de construcci\u00f3n para sus proyectos de construcci\u00f3n.","breadcrumb":{"@id":"https:\/\/www.mezzoteam.fr\/es\/nuestra-plataforma-de-gestion-proyestos-de-construccion\/#breadcrumb"},"inLanguage":"es","potentialAction":[{"@type":"ReadAction","target":["https:\/\/www.mezzoteam.fr\/es\/nuestra-plataforma-de-gestion-proyestos-de-construccion\/"]}]},{"@type":"ImageObject","inLanguage":"es","@id":"https:\/\/www.mezzoteam.fr\/es\/nuestra-plataforma-de-gestion-proyestos-de-construccion\/#primaryimage","url":"https:\/\/www.mezzoteam.fr\/app\/uploads\/2024\/02\/SITEWEB_actu2.jpg","contentUrl":"https:\/\/www.mezzoteam.fr\/app\/uploads\/2024\/02\/SITEWEB_actu2.jpg","width":1262,"height":450},{"@type":"BreadcrumbList","@id":"https:\/\/www.mezzoteam.fr\/es\/nuestra-plataforma-de-gestion-proyestos-de-construccion\/#breadcrumb","itemListElement":[{"@type":"ListItem","position":1,"name":"Inicio","item":"https:\/\/www.mezzoteam.fr\/es\/"},{"@type":"ListItem","position":2,"name":"Nuestra plataforma de Gesti\u00f3n de Proyectos de Construcci\u00f3n"}]},{"@type":"WebSite","@id":"https:\/\/www.mezzoteam.fr\/#website","url":"https:\/\/www.mezzoteam.fr\/","name":"Mezzoteam","description":"","potentialAction":[{"@type":"SearchAction","target":{"@type":"EntryPoint","urlTemplate":"https:\/\/www.mezzoteam.fr\/?s={search_term_string}"},"query-input":{"@type":"PropertyValueSpecification","valueRequired":true,"valueName":"search_term_string"}}],"inLanguage":"es"}]}},"_links":{"self":[{"href":"https:\/\/www.mezzoteam.fr\/es\/wp-json\/wp\/v2\/pages\/14671"}],"collection":[{"href":"https:\/\/www.mezzoteam.fr\/es\/wp-json\/wp\/v2\/pages"}],"about":[{"href":"https:\/\/www.mezzoteam.fr\/es\/wp-json\/wp\/v2\/types\/page"}],"author":[{"embeddable":true,"href":"https:\/\/www.mezzoteam.fr\/es\/wp-json\/wp\/v2\/users\/3"}],"replies":[{"embeddable":true,"href":"https:\/\/www.mezzoteam.fr\/es\/wp-json\/wp\/v2\/comments?post=14671"}],"version-history":[{"count":9,"href":"https:\/\/www.mezzoteam.fr\/es\/wp-json\/wp\/v2\/pages\/14671\/revisions"}],"predecessor-version":[{"id":15102,"href":"https:\/\/www.mezzoteam.fr\/es\/wp-json\/wp\/v2\/pages\/14671\/revisions\/15102"}],"wp:featuredmedia":[{"embeddable":true,"href":"https:\/\/www.mezzoteam.fr\/es\/wp-json\/wp\/v2\/media\/14488"}],"wp:attachment":[{"href":"https:\/\/www.mezzoteam.fr\/es\/wp-json\/wp\/v2\/media?parent=14671"}],"curies":[{"name":"wp","href":"https:\/\/api.w.org\/{rel}","templated":true}]}}