{"id":14745,"date":"2018-08-29T10:56:35","date_gmt":"2018-08-29T08:56:35","guid":{"rendered":"https:\/\/www.mezzoteam.fr\/qui-sommes-nous\/"},"modified":"2025-03-03T17:00:26","modified_gmt":"2025-03-03T16:00:26","slug":"quienes-somos","status":"publish","type":"page","link":"https:\/\/www.mezzoteam.fr\/es\/quienes-somos\/","title":{"rendered":"\u00bfQui\u00e9nes somos?"},"content":{"rendered":"","protected":false},"excerpt":{"rendered":"","protected":false},"author":1,"featured_media":0,"parent":0,"menu_order":0,"comment_status":"closed","ping_status":"closed","template":"page-who-are-we.php","meta":{"footnotes":""},"class_list":["post-14745","page","type-page","status-publish","hentry"],"acf":[],"yoast_head":"<!-- This site is optimized with the Yoast SEO plugin v24.9 - https:\/\/yoast.com\/wordpress\/plugins\/seo\/ -->\n<title>Acerca de Mezzoteam - Colaboraci\u00f3n BIM - CDE<\/title>\n<meta name=\"description\" content=\"Mezzoteam sit\u00faa la colaboraci\u00f3n BIM en el centro de su estrategia. Innovaci\u00f3n, confianza, escucha, cohesi\u00f3n... \u00a1descubra nuestros valores!\" \/>\n<meta name=\"robots\" content=\"index, follow, max-snippet:-1, max-image-preview:large, max-video-preview:-1\" \/>\n<link rel=\"canonical\" href=\"https:\/\/www.mezzoteam.fr\/es\/quienes-somos\/\" \/>\n<meta property=\"og:locale\" content=\"es_ES\" \/>\n<meta property=\"og:type\" content=\"article\" \/>\n<meta property=\"og:title\" content=\"Acerca de Mezzoteam - Colaboraci\u00f3n BIM - CDE\" \/>\n<meta property=\"og:description\" content=\"Mezzoteam sit\u00faa la colaboraci\u00f3n BIM en el centro de su estrategia. Innovaci\u00f3n, confianza, escucha, cohesi\u00f3n... \u00a1descubra nuestros valores!\" \/>\n<meta property=\"og:url\" content=\"https:\/\/www.mezzoteam.fr\/es\/quienes-somos\/\" \/>\n<meta property=\"og:site_name\" content=\"Mezzoteam\" \/>\n<meta property=\"article:modified_time\" content=\"2025-03-03T16:00:26+00:00\" \/>\n<meta name=\"twitter:card\" content=\"summary_large_image\" \/>\n<script type=\"application\/ld+json\" class=\"yoast-schema-graph\">{\"@context\":\"https:\/\/schema.org\",\"@graph\":[{\"@type\":\"WebPage\",\"@id\":\"https:\/\/www.mezzoteam.fr\/es\/quienes-somos\/\",\"url\":\"https:\/\/www.mezzoteam.fr\/es\/quienes-somos\/\",\"name\":\"Acerca de Mezzoteam - Colaboraci\u00f3n BIM - CDE\",\"isPartOf\":{\"@id\":\"https:\/\/www.mezzoteam.fr\/#website\"},\"datePublished\":\"2018-08-29T08:56:35+00:00\",\"dateModified\":\"2025-03-03T16:00:26+00:00\",\"description\":\"Mezzoteam sit\u00faa la colaboraci\u00f3n BIM en el centro de su estrategia. Innovaci\u00f3n, confianza, escucha, cohesi\u00f3n... \u00a1descubra nuestros valores!\",\"breadcrumb\":{\"@id\":\"https:\/\/www.mezzoteam.fr\/es\/quienes-somos\/#breadcrumb\"},\"inLanguage\":\"es\",\"potentialAction\":[{\"@type\":\"ReadAction\",\"target\":[\"https:\/\/www.mezzoteam.fr\/es\/quienes-somos\/\"]}]},{\"@type\":\"BreadcrumbList\",\"@id\":\"https:\/\/www.mezzoteam.fr\/es\/quienes-somos\/#breadcrumb\",\"itemListElement\":[{\"@type\":\"ListItem\",\"position\":1,\"name\":\"Inicio\",\"item\":\"https:\/\/www.mezzoteam.fr\/es\/\"},{\"@type\":\"ListItem\",\"position\":2,\"name\":\"\u00bfQui\u00e9nes somos?\"}]},{\"@type\":\"WebSite\",\"@id\":\"https:\/\/www.mezzoteam.fr\/#website\",\"url\":\"https:\/\/www.mezzoteam.fr\/\",\"name\":\"Mezzoteam\",\"description\":\"\",\"potentialAction\":[{\"@type\":\"SearchAction\",\"target\":{\"@type\":\"EntryPoint\",\"urlTemplate\":\"https:\/\/www.mezzoteam.fr\/?s={search_term_string}\"},\"query-input\":{\"@type\":\"PropertyValueSpecification\",\"valueRequired\":true,\"valueName\":\"search_term_string\"}}],\"inLanguage\":\"es\"}]}<\/script>\n<!-- \/ Yoast SEO plugin. -->","yoast_head_json":{"title":"Acerca de Mezzoteam - Colaboraci\u00f3n BIM - CDE","description":"Mezzoteam sit\u00faa la colaboraci\u00f3n BIM en el centro de su estrategia. Innovaci\u00f3n, confianza, escucha, cohesi\u00f3n... \u00a1descubra nuestros valores!","robots":{"index":"index","follow":"follow","max-snippet":"max-snippet:-1","max-image-preview":"max-image-preview:large","max-video-preview":"max-video-preview:-1"},"canonical":"https:\/\/www.mezzoteam.fr\/es\/quienes-somos\/","og_locale":"es_ES","og_type":"article","og_title":"Acerca de Mezzoteam - Colaboraci\u00f3n BIM - CDE","og_description":"Mezzoteam sit\u00faa la colaboraci\u00f3n BIM en el centro de su estrategia. Innovaci\u00f3n, confianza, escucha, cohesi\u00f3n... \u00a1descubra nuestros valores!","og_url":"https:\/\/www.mezzoteam.fr\/es\/quienes-somos\/","og_site_name":"Mezzoteam","article_modified_time":"2025-03-03T16:00:26+00:00","twitter_card":"summary_large_image","schema":{"@context":"https:\/\/schema.org","@graph":[{"@type":"WebPage","@id":"https:\/\/www.mezzoteam.fr\/es\/quienes-somos\/","url":"https:\/\/www.mezzoteam.fr\/es\/quienes-somos\/","name":"Acerca de Mezzoteam - Colaboraci\u00f3n BIM - CDE","isPartOf":{"@id":"https:\/\/www.mezzoteam.fr\/#website"},"datePublished":"2018-08-29T08:56:35+00:00","dateModified":"2025-03-03T16:00:26+00:00","description":"Mezzoteam sit\u00faa la colaboraci\u00f3n BIM en el centro de su estrategia. Innovaci\u00f3n, confianza, escucha, cohesi\u00f3n... \u00a1descubra nuestros valores!","breadcrumb":{"@id":"https:\/\/www.mezzoteam.fr\/es\/quienes-somos\/#breadcrumb"},"inLanguage":"es","potentialAction":[{"@type":"ReadAction","target":["https:\/\/www.mezzoteam.fr\/es\/quienes-somos\/"]}]},{"@type":"BreadcrumbList","@id":"https:\/\/www.mezzoteam.fr\/es\/quienes-somos\/#breadcrumb","itemListElement":[{"@type":"ListItem","position":1,"name":"Inicio","item":"https:\/\/www.mezzoteam.fr\/es\/"},{"@type":"ListItem","position":2,"name":"\u00bfQui\u00e9nes somos?"}]},{"@type":"WebSite","@id":"https:\/\/www.mezzoteam.fr\/#website","url":"https:\/\/www.mezzoteam.fr\/","name":"Mezzoteam","description":"","potentialAction":[{"@type":"SearchAction","target":{"@type":"EntryPoint","urlTemplate":"https:\/\/www.mezzoteam.fr\/?s={search_term_string}"},"query-input":{"@type":"PropertyValueSpecification","valueRequired":true,"valueName":"search_term_string"}}],"inLanguage":"es"}]}},"_links":{"self":[{"href":"https:\/\/www.mezzoteam.fr\/es\/wp-json\/wp\/v2\/pages\/14745"}],"collection":[{"href":"https:\/\/www.mezzoteam.fr\/es\/wp-json\/wp\/v2\/pages"}],"about":[{"href":"https:\/\/www.mezzoteam.fr\/es\/wp-json\/wp\/v2\/types\/page"}],"author":[{"embeddable":true,"href":"https:\/\/www.mezzoteam.fr\/es\/wp-json\/wp\/v2\/users\/1"}],"replies":[{"embeddable":true,"href":"https:\/\/www.mezzoteam.fr\/es\/wp-json\/wp\/v2\/comments?post=14745"}],"version-history":[{"count":9,"href":"https:\/\/www.mezzoteam.fr\/es\/wp-json\/wp\/v2\/pages\/14745\/revisions"}],"predecessor-version":[{"id":14755,"href":"https:\/\/www.mezzoteam.fr\/es\/wp-json\/wp\/v2\/pages\/14745\/revisions\/14755"}],"wp:attachment":[{"href":"https:\/\/www.mezzoteam.fr\/es\/wp-json\/wp\/v2\/media?parent=14745"}],"curies":[{"name":"wp","href":"https:\/\/api.w.org\/{rel}","templated":true}]}}